{"id":60,"date":"2021-06-28T12:30:01","date_gmt":"2021-06-28T09:30:01","guid":{"rendered":"http:\/\/pasaarms.com\/tr\/?page_id=60"},"modified":"2022-09-24T16:38:35","modified_gmt":"2022-09-24T13:38:35","slug":"kurumsal","status":"publish","type":"page","link":"https:\/\/pasaarms.com\/tr\/kurumsal\/","title":{"rendered":"Kurumsal"},"content":{"rendered":"<h2>PA\u015eA ARMS<\/h2>\n<p>Kurumsal<\/p>\n<p>Firmam\u0131z 1996 y\u0131l\u0131nda Konya-Bey\u015fehir-Hu\u011flu kasabas\u0131nda kurulmu\u015f olup, b\u00f6lgedeki silah \u00fcreticisi firmalar\u0131n yedek par\u00e7a \u00fcretimini yaparak, uzun bir s\u00fcre ihracat g\u00fc\u00e7lerine g\u00fc\u00e7 katm\u0131\u015ft\u0131r. Yurt i\u00e7i ve yurt d\u0131\u015f\u0131 bir\u00e7ok av t\u00fcfe\u011fi \u00fcreten firmalar\u0131n ihtiya\u00e7 duydu\u011fu par\u00e7alar\u0131 \u00fcretmek suretiyle bir d\u00fcnya markas\u0131 olmas\u0131na destek olan firmam\u0131z, halen ileri teknoloji kullanarak b\u00f6lgedeki ve yurt d\u0131\u015f\u0131ndaki firmalara her t\u00fcrl\u00fc yar\u0131 mamul \u00fcr\u00fcn deste\u011fini vermektedir.<\/p>\n<p><img loading=\"lazy\" decoding=\"async\" class=\"alignnone wp-image-1401 size-large\" src=\"http:\/\/pasaarms.com\/tr\/wp-content\/uploads\/2022\/08\/about2-1024x537.jpg\" alt=\"\" width=\"1024\" height=\"537\" srcset=\"https:\/\/pasaarms.com\/tr\/wp-content\/uploads\/2022\/08\/about2-1024x537.jpg 1024w, https:\/\/pasaarms.com\/tr\/wp-content\/uploads\/2022\/08\/about2-300x157.jpg 300w, https:\/\/pasaarms.com\/tr\/wp-content\/uploads\/2022\/08\/about2-768x403.jpg 768w, https:\/\/pasaarms.com\/tr\/wp-content\/uploads\/2022\/08\/about2-1536x805.jpg 1536w, https:\/\/pasaarms.com\/tr\/wp-content\/uploads\/2022\/08\/about2-200x105.jpg 200w, https:\/\/pasaarms.com\/tr\/wp-content\/uploads\/2022\/08\/about2.jpg 1921w\" sizes=\"auto, (max-width: 1024px) 100vw, 1024px\" \/><\/p>\n<p>2012 y\u0131l\u0131nda 16 y\u0131l boyunca edinilen tecr\u00fcbelerle birlikte kendi markas\u0131n\u0131 ortaya \u00e7\u0131karmay\u0131 ba\u015faran Pa\u015fa Makina,s\u00fcrekli teknolojisini de yenileyerek ve b\u00fcnyesinde bar\u0131nd\u0131rd\u0131\u011f\u0131 uzman kadrosunu geni\u015fleterek, PA\u015eAARMS ve AS\u0130 markalar\u0131yla silah sanayisine y\u00f6n veren lider bir marka durumuna gelmi\u015ftir.<\/p>\n<p>10 y\u0131ld\u0131r \u00fcr\u00fcnlerini direk olarak ba\u015fta ABD olmak \u00fczere onlarca \u00fclkeye ihra\u00e7 etmektedir. Bu sayede \u00fclke ekonomisine ciddi bir girdi sa\u011flayan firmam\u0131z, ayn\u0131 zamanda b\u00f6lgesinde ciddi bir istihdam imkan\u0131 sa\u011flamaktad\u0131r.<\/p>\n","protected":false},"excerpt":{"rendered":"<p>PA\u015eA ARMS Kurumsal Firmam\u0131z 1996 y\u0131l\u0131nda Konya-Bey\u015fehir-Hu\u011flu kasabas\u0131nda kurulmu\u015f olup, b\u00f6lgedeki silah \u00fcreticisi firmalar\u0131n yedek par\u00e7a \u00fcretimini yaparak, uzun bir s\u00fcre ihracat g\u00fc\u00e7lerine g\u00fc\u00e7 katm\u0131\u015ft\u0131r. Yurt i\u00e7i ve yurt d\u0131\u015f\u0131 bir\u00e7ok av t\u00fcfe\u011fi \u00fcreten firmalar\u0131n ihtiya\u00e7 duydu\u011fu par\u00e7alar\u0131 \u00fcretmek suretiyle bir d\u00fcnya markas\u0131 olmas\u0131na destek olan firmam\u0131z, halen ileri teknoloji kullanarak b\u00f6lgedeki ve yurt d\u0131\u015f\u0131ndaki firmalara her t\u00fcrl\u00fc yar\u0131 mamul \u00fcr\u00fcn deste\u011fini vermektedir. 2012 y\u0131l\u0131nda 16 y\u0131l boyunca edinilen tecr\u00fcbelerle birlikte kendi markas\u0131n\u0131 ortaya \u00e7\u0131karmay\u0131 ba\u015faran Pa\u015fa Makina,s\u00fcrekli teknolojisini de yenileyerek ve b\u00fcnyesinde bar\u0131nd\u0131rd\u0131\u011f\u0131 uzman kadrosunu geni\u015fleterek, PA\u015eAARMS ve AS\u0130 markalar\u0131yla silah sanayisine y\u00f6n veren lider bir marka durumuna gelmi\u015ftir. 10 y\u0131ld\u0131r \u00fcr\u00fcnlerini direk olarak ba\u015fta ABD olmak \u00fczere onlarca \u00fclkeye ihra\u00e7 etmektedir. Bu sayede \u00fclke ekonomisine ciddi bir girdi sa\u011flayan firmam\u0131z, ayn\u0131 zamanda b\u00f6lgesinde ciddi bir istihdam imkan\u0131 sa\u011flamaktad\u0131r.<\/p>\n","protected":false},"author":8,"featured_media":0,"parent":0,"menu_order":0,"comment_status":"closed","ping_status":"closed","template":"","meta":{"_acf_changed":false,"footnotes":""},"class_list":["post-60","page","type-page","status-publish","hentry"],"acf":[],"yoast_head":"<!-- This site is optimized with the Yoast SEO plugin v27.1.1 - https:\/\/yoast.com\/product\/yoast-seo-wordpress\/ -->\n<title>Kurumsal - Pa\u015fa Arms<\/title>\n<meta name=\"description\" content=\"Firmam\u0131z 1996 y\u0131l\u0131nda Konya-Bey\u015fehir-Hu\u011flu kasabas\u0131nda kurulmu\u015f olup, b\u00f6lgedeki silah \u00fcreticisi firmalar\u0131n yedek par\u00e7a \u00fcretimini yaparak...\" \/>\n<meta name=\"robots\" content=\"index, follow, max-snippet:-1, max-image-preview:large, max-video-preview:-1\" \/>\n<link rel=\"canonical\" href=\"https:\/\/pasaarms.com\/tr\/kurumsal\/\" \/>\n<meta property=\"og:locale\" content=\"tr_TR\" \/>\n<meta property=\"og:type\" content=\"article\" \/>\n<meta property=\"og:title\" content=\"Kurumsal - Pa\u015fa Arms\" \/>\n<meta property=\"og:description\" content=\"Firmam\u0131z 1996 y\u0131l\u0131nda Konya-Bey\u015fehir-Hu\u011flu kasabas\u0131nda kurulmu\u015f olup, b\u00f6lgedeki silah \u00fcreticisi firmalar\u0131n yedek par\u00e7a \u00fcretimini yaparak...\" \/>\n<meta property=\"og:url\" content=\"https:\/\/pasaarms.com\/tr\/kurumsal\/\" \/>\n<meta property=\"og:site_name\" content=\"Pa\u015fa Arms\" \/>\n<meta property=\"article:modified_time\" content=\"2022-09-24T13:38:35+00:00\" \/>\n<meta property=\"og:image\" content=\"http:\/\/pasaarms.com\/tr\/wp-content\/uploads\/2022\/08\/about2-1024x537.jpg\" \/>\n<meta name=\"twitter:card\" content=\"summary_large_image\" \/>\n<meta name=\"twitter:label1\" content=\"Tahmini okuma s\u00fcresi\" \/>\n\t<meta name=\"twitter:data1\" content=\"1 dakika\" \/>\n<script type=\"application\/ld+json\" class=\"yoast-schema-graph\">{\"@context\":\"https:\/\/schema.org\",\"@graph\":[{\"@type\":\"WebPage\",\"@id\":\"https:\/\/pasaarms.com\/tr\/kurumsal\/\",\"url\":\"https:\/\/pasaarms.com\/tr\/kurumsal\/\",\"name\":\"Kurumsal - Pa\u015fa Arms\",\"isPartOf\":{\"@id\":\"https:\/\/pasaarms.com\/tr\/#website\"},\"primaryImageOfPage\":{\"@id\":\"https:\/\/pasaarms.com\/tr\/kurumsal\/#primaryimage\"},\"image\":{\"@id\":\"https:\/\/pasaarms.com\/tr\/kurumsal\/#primaryimage\"},\"thumbnailUrl\":\"http:\/\/pasaarms.com\/tr\/wp-content\/uploads\/2022\/08\/about2-1024x537.jpg\",\"datePublished\":\"2021-06-28T09:30:01+00:00\",\"dateModified\":\"2022-09-24T13:38:35+00:00\",\"description\":\"Firmam\u0131z 1996 y\u0131l\u0131nda Konya-Bey\u015fehir-Hu\u011flu kasabas\u0131nda kurulmu\u015f olup, b\u00f6lgedeki silah \u00fcreticisi firmalar\u0131n yedek par\u00e7a \u00fcretimini yaparak...\",\"breadcrumb\":{\"@id\":\"https:\/\/pasaarms.com\/tr\/kurumsal\/#breadcrumb\"},\"inLanguage\":\"tr\",\"potentialAction\":[{\"@type\":\"ReadAction\",\"target\":[\"https:\/\/pasaarms.com\/tr\/kurumsal\/\"]}]},{\"@type\":\"ImageObject\",\"inLanguage\":\"tr\",\"@id\":\"https:\/\/pasaarms.com\/tr\/kurumsal\/#primaryimage\",\"url\":\"http:\/\/pasaarms.com\/tr\/wp-content\/uploads\/2022\/08\/about2-1024x537.jpg\",\"contentUrl\":\"http:\/\/pasaarms.com\/tr\/wp-content\/uploads\/2022\/08\/about2-1024x537.jpg\"},{\"@type\":\"BreadcrumbList\",\"@id\":\"https:\/\/pasaarms.com\/tr\/kurumsal\/#breadcrumb\",\"itemListElement\":[{\"@type\":\"ListItem\",\"position\":1,\"name\":\"Anasayfa\",\"item\":\"https:\/\/pasaarms.com\/tr\/\"},{\"@type\":\"ListItem\",\"position\":2,\"name\":\"Kurumsal\"}]},{\"@type\":\"WebSite\",\"@id\":\"https:\/\/pasaarms.com\/tr\/#website\",\"url\":\"https:\/\/pasaarms.com\/tr\/\",\"name\":\"Pa\u015fa Arms\",\"description\":\"Pa\u015fa Makina San Tic Ltd \u015eti\",\"publisher\":{\"@id\":\"https:\/\/pasaarms.com\/tr\/#organization\"},\"potentialAction\":[{\"@type\":\"SearchAction\",\"target\":{\"@type\":\"EntryPoint\",\"urlTemplate\":\"https:\/\/pasaarms.com\/tr\/?s={search_term_string}\"},\"query-input\":{\"@type\":\"PropertyValueSpecification\",\"valueRequired\":true,\"valueName\":\"search_term_string\"}}],\"inLanguage\":\"tr\"},{\"@type\":\"Organization\",\"@id\":\"https:\/\/pasaarms.com\/tr\/#organization\",\"name\":\"Pa\u015fa Arms\",\"url\":\"https:\/\/pasaarms.com\/tr\/\",\"logo\":{\"@type\":\"ImageObject\",\"inLanguage\":\"tr\",\"@id\":\"https:\/\/pasaarms.com\/tr\/#\/schema\/logo\/image\/\",\"url\":\"https:\/\/pasaarms.com\/tr\/wp-content\/uploads\/2022\/09\/pasa-logo.png\",\"contentUrl\":\"https:\/\/pasaarms.com\/tr\/wp-content\/uploads\/2022\/09\/pasa-logo.png\",\"width\":200,\"height\":200,\"caption\":\"Pa\u015fa Arms\"},\"image\":{\"@id\":\"https:\/\/pasaarms.com\/tr\/#\/schema\/logo\/image\/\"}}]}<\/script>\n<!-- \/ Yoast SEO plugin. -->","yoast_head_json":{"title":"Kurumsal - Pa\u015fa Arms","description":"Firmam\u0131z 1996 y\u0131l\u0131nda Konya-Bey\u015fehir-Hu\u011flu kasabas\u0131nda kurulmu\u015f olup, b\u00f6lgedeki silah \u00fcreticisi firmalar\u0131n yedek par\u00e7a \u00fcretimini yaparak...","robots":{"index":"index","follow":"follow","max-snippet":"max-snippet:-1","max-image-preview":"max-image-preview:large","max-video-preview":"max-video-preview:-1"},"canonical":"https:\/\/pasaarms.com\/tr\/kurumsal\/","og_locale":"tr_TR","og_type":"article","og_title":"Kurumsal - Pa\u015fa Arms","og_description":"Firmam\u0131z 1996 y\u0131l\u0131nda Konya-Bey\u015fehir-Hu\u011flu kasabas\u0131nda kurulmu\u015f olup, b\u00f6lgedeki silah \u00fcreticisi firmalar\u0131n yedek par\u00e7a \u00fcretimini yaparak...","og_url":"https:\/\/pasaarms.com\/tr\/kurumsal\/","og_site_name":"Pa\u015fa Arms","article_modified_time":"2022-09-24T13:38:35+00:00","og_image":[{"url":"http:\/\/pasaarms.com\/tr\/wp-content\/uploads\/2022\/08\/about2-1024x537.jpg","type":"","width":"","height":""}],"twitter_card":"summary_large_image","twitter_misc":{"Tahmini okuma s\u00fcresi":"1 dakika"},"schema":{"@context":"https:\/\/schema.org","@graph":[{"@type":"WebPage","@id":"https:\/\/pasaarms.com\/tr\/kurumsal\/","url":"https:\/\/pasaarms.com\/tr\/kurumsal\/","name":"Kurumsal - Pa\u015fa Arms","isPartOf":{"@id":"https:\/\/pasaarms.com\/tr\/#website"},"primaryImageOfPage":{"@id":"https:\/\/pasaarms.com\/tr\/kurumsal\/#primaryimage"},"image":{"@id":"https:\/\/pasaarms.com\/tr\/kurumsal\/#primaryimage"},"thumbnailUrl":"http:\/\/pasaarms.com\/tr\/wp-content\/uploads\/2022\/08\/about2-1024x537.jpg","datePublished":"2021-06-28T09:30:01+00:00","dateModified":"2022-09-24T13:38:35+00:00","description":"Firmam\u0131z 1996 y\u0131l\u0131nda Konya-Bey\u015fehir-Hu\u011flu kasabas\u0131nda kurulmu\u015f olup, b\u00f6lgedeki silah \u00fcreticisi firmalar\u0131n yedek par\u00e7a \u00fcretimini yaparak...","breadcrumb":{"@id":"https:\/\/pasaarms.com\/tr\/kurumsal\/#breadcrumb"},"inLanguage":"tr","potentialAction":[{"@type":"ReadAction","target":["https:\/\/pasaarms.com\/tr\/kurumsal\/"]}]},{"@type":"ImageObject","inLanguage":"tr","@id":"https:\/\/pasaarms.com\/tr\/kurumsal\/#primaryimage","url":"http:\/\/pasaarms.com\/tr\/wp-content\/uploads\/2022\/08\/about2-1024x537.jpg","contentUrl":"http:\/\/pasaarms.com\/tr\/wp-content\/uploads\/2022\/08\/about2-1024x537.jpg"},{"@type":"BreadcrumbList","@id":"https:\/\/pasaarms.com\/tr\/kurumsal\/#breadcrumb","itemListElement":[{"@type":"ListItem","position":1,"name":"Anasayfa","item":"https:\/\/pasaarms.com\/tr\/"},{"@type":"ListItem","position":2,"name":"Kurumsal"}]},{"@type":"WebSite","@id":"https:\/\/pasaarms.com\/tr\/#website","url":"https:\/\/pasaarms.com\/tr\/","name":"Pa\u015fa Arms","description":"Pa\u015fa Makina San Tic Ltd \u015eti","publisher":{"@id":"https:\/\/pasaarms.com\/tr\/#organization"},"potentialAction":[{"@type":"SearchAction","target":{"@type":"EntryPoint","urlTemplate":"https:\/\/pasaarms.com\/tr\/?s={search_term_string}"},"query-input":{"@type":"PropertyValueSpecification","valueRequired":true,"valueName":"search_term_string"}}],"inLanguage":"tr"},{"@type":"Organization","@id":"https:\/\/pasaarms.com\/tr\/#organization","name":"Pa\u015fa Arms","url":"https:\/\/pasaarms.com\/tr\/","logo":{"@type":"ImageObject","inLanguage":"tr","@id":"https:\/\/pasaarms.com\/tr\/#\/schema\/logo\/image\/","url":"https:\/\/pasaarms.com\/tr\/wp-content\/uploads\/2022\/09\/pasa-logo.png","contentUrl":"https:\/\/pasaarms.com\/tr\/wp-content\/uploads\/2022\/09\/pasa-logo.png","width":200,"height":200,"caption":"Pa\u015fa Arms"},"image":{"@id":"https:\/\/pasaarms.com\/tr\/#\/schema\/logo\/image\/"}}]}},"_links":{"self":[{"href":"https:\/\/pasaarms.com\/tr\/wp-json\/wp\/v2\/pages\/60","targetHints":{"allow":["GET"]}}],"collection":[{"href":"https:\/\/pasaarms.com\/tr\/wp-json\/wp\/v2\/pages"}],"about":[{"href":"https:\/\/pasaarms.com\/tr\/wp-json\/wp\/v2\/types\/page"}],"author":[{"embeddable":true,"href":"https:\/\/pasaarms.com\/tr\/wp-json\/wp\/v2\/users\/8"}],"replies":[{"embeddable":true,"href":"https:\/\/pasaarms.com\/tr\/wp-json\/wp\/v2\/comments?post=60"}],"version-history":[{"count":3,"href":"https:\/\/pasaarms.com\/tr\/wp-json\/wp\/v2\/pages\/60\/revisions"}],"predecessor-version":[{"id":2422,"href":"https:\/\/pasaarms.com\/tr\/wp-json\/wp\/v2\/pages\/60\/revisions\/2422"}],"wp:attachment":[{"href":"https:\/\/pasaarms.com\/tr\/wp-json\/wp\/v2\/media?parent=60"}],"curies":[{"name":"wp","href":"https:\/\/api.w.org\/{rel}","templated":true}]}}