{"id":1768,"date":"2022-09-08T18:35:51","date_gmt":"2022-09-08T15:35:51","guid":{"rendered":"https:\/\/pasaarms.com\/tr\/?page_id=1768"},"modified":"2022-09-24T16:36:49","modified_gmt":"2022-09-24T13:36:49","slug":"inertia-sistem","status":"publish","type":"page","link":"https:\/\/pasaarms.com\/tr\/inertia-sistem\/","title":{"rendered":"Inertia Sistem"},"content":{"rendered":"<p id=\"tw-target-text\" class=\"tw-data-text tw-text-large tw-ta\" dir=\"ltr\" data-placeholder=\"\u00c7eviri\"><span class=\"Y2IQFc\" lang=\"tr\"><a href=\"https:\/\/pasaarms.com\/tr\/inertia-sistem\/\">Inertia Sistem<\/a> kategorisindeki \u00fcr\u00fcnlerimiz.<\/span><\/p>\n<p dir=\"ltr\" data-placeholder=\"\u00c7eviri\">\u00dcr\u00fcn Modellerimiz; Rentia W, Rentia C, Rentia S,Rentia 01, Rentia 02, Rentia 03, Rentia 04&#8230;<\/p>\n<p class=\"tw-data-text tw-text-large tw-ta\" dir=\"ltr\" data-placeholder=\"\u00c7eviri\"><span class=\"Y2IQFc\" lang=\"tr\">Rentia W \u00fcr\u00fcn modeli 12 GA<\/span> kalibre olup \u00e7al\u0131\u015fma sistemi olarak D\u00f6ner Ba\u015fl\u0131 Kinetik Sistem kullan\u0131r. Namlusu AISI 4140 Karbon \u00c7elikten \u00fcretilmi\u015ftir. Namlu Kaplamas\u0131Parlak ve Mat Krom dur.<\/p>\n<p dir=\"ltr\" data-placeholder=\"\u00c7eviri\"><img loading=\"lazy\" decoding=\"async\" class=\"alignnone size-medium wp-image-2047\" src=\"http:\/\/pasaarms.com\/tr\/wp-content\/uploads\/2022\/09\/RENTIA-W-300x94.png\" alt=\"\" width=\"300\" height=\"94\" srcset=\"https:\/\/pasaarms.com\/tr\/wp-content\/uploads\/2022\/09\/RENTIA-W-300x94.png 300w, https:\/\/pasaarms.com\/tr\/wp-content\/uploads\/2022\/09\/RENTIA-W-1024x320.png 1024w, https:\/\/pasaarms.com\/tr\/wp-content\/uploads\/2022\/09\/RENTIA-W-768x240.png 768w, https:\/\/pasaarms.com\/tr\/wp-content\/uploads\/2022\/09\/RENTIA-W-1536x480.png 1536w, https:\/\/pasaarms.com\/tr\/wp-content\/uploads\/2022\/09\/RENTIA-W-336x105.png 336w, https:\/\/pasaarms.com\/tr\/wp-content\/uploads\/2022\/09\/RENTIA-W.png 1920w\" sizes=\"auto, (max-width: 300px) 100vw, 300px\" \/><\/p>\n","protected":false},"excerpt":{"rendered":"<p>Inertia Sistem kategorisindeki \u00fcr\u00fcnlerimiz. \u00dcr\u00fcn Modellerimiz; Rentia W, Rentia C, Rentia S,Rentia 01, Rentia 02, Rentia 03, Rentia 04&#8230; Rentia W \u00fcr\u00fcn modeli 12 GA kalibre olup \u00e7al\u0131\u015fma sistemi olarak D\u00f6ner Ba\u015fl\u0131 Kinetik Sistem kullan\u0131r. Namlusu AISI 4140 Karbon \u00c7elikten \u00fcretilmi\u015ftir. Namlu Kaplamas\u0131Parlak ve Mat Krom dur.<\/p>\n","protected":false},"author":8,"featured_media":0,"parent":0,"menu_order":0,"comment_status":"closed","ping_status":"closed","template":"","meta":{"_acf_changed":false,"footnotes":""},"class_list":["post-1768","page","type-page","status-publish","hentry"],"acf":[],"yoast_head":"<!-- This site is optimized with the Yoast SEO plugin v27.1.1 - https:\/\/yoast.com\/product\/yoast-seo-wordpress\/ -->\n<title>Inertia Sistem - Pa\u015fa Arms<\/title>\n<meta name=\"description\" content=\"Inertia Sistem kategorisindeki \u00fcr\u00fcnlerimiz. \u00dcr\u00fcn Modellerimiz; Rentia W, Rentia C, Rentia S,Rentia 01, Rentia 02, Rentia 03, Rentia 04...\" \/>\n<meta name=\"robots\" content=\"index, follow, max-snippet:-1, max-image-preview:large, max-video-preview:-1\" \/>\n<link rel=\"canonical\" href=\"https:\/\/pasaarms.com\/tr\/inertia-sistem\/\" \/>\n<meta property=\"og:locale\" content=\"tr_TR\" \/>\n<meta property=\"og:type\" content=\"article\" \/>\n<meta property=\"og:title\" content=\"Inertia Sistem - Pa\u015fa Arms\" \/>\n<meta property=\"og:description\" content=\"Inertia Sistem kategorisindeki \u00fcr\u00fcnlerimiz. \u00dcr\u00fcn Modellerimiz; Rentia W, Rentia C, Rentia S,Rentia 01, Rentia 02, Rentia 03, Rentia 04...\" \/>\n<meta property=\"og:url\" content=\"https:\/\/pasaarms.com\/tr\/inertia-sistem\/\" \/>\n<meta property=\"og:site_name\" content=\"Pa\u015fa Arms\" \/>\n<meta property=\"article:modified_time\" content=\"2022-09-24T13:36:49+00:00\" \/>\n<meta property=\"og:image\" content=\"http:\/\/pasaarms.com\/tr\/wp-content\/uploads\/2022\/09\/RENTIA-W-300x94.png\" \/>\n<meta name=\"twitter:card\" content=\"summary_large_image\" \/>\n<meta name=\"twitter:label1\" content=\"Tahmini okuma s\u00fcresi\" \/>\n\t<meta name=\"twitter:data1\" content=\"1 dakika\" \/>\n<script type=\"application\/ld+json\" class=\"yoast-schema-graph\">{\"@context\":\"https:\/\/schema.org\",\"@graph\":[{\"@type\":\"WebPage\",\"@id\":\"https:\/\/pasaarms.com\/tr\/inertia-sistem\/\",\"url\":\"https:\/\/pasaarms.com\/tr\/inertia-sistem\/\",\"name\":\"Inertia Sistem - Pa\u015fa Arms\",\"isPartOf\":{\"@id\":\"https:\/\/pasaarms.com\/tr\/#website\"},\"primaryImageOfPage\":{\"@id\":\"https:\/\/pasaarms.com\/tr\/inertia-sistem\/#primaryimage\"},\"image\":{\"@id\":\"https:\/\/pasaarms.com\/tr\/inertia-sistem\/#primaryimage\"},\"thumbnailUrl\":\"http:\/\/pasaarms.com\/tr\/wp-content\/uploads\/2022\/09\/RENTIA-W-300x94.png\",\"datePublished\":\"2022-09-08T15:35:51+00:00\",\"dateModified\":\"2022-09-24T13:36:49+00:00\",\"description\":\"Inertia Sistem kategorisindeki \u00fcr\u00fcnlerimiz. \u00dcr\u00fcn Modellerimiz; Rentia W, Rentia C, Rentia S,Rentia 01, Rentia 02, Rentia 03, Rentia 04...\",\"breadcrumb\":{\"@id\":\"https:\/\/pasaarms.com\/tr\/inertia-sistem\/#breadcrumb\"},\"inLanguage\":\"tr\",\"potentialAction\":[{\"@type\":\"ReadAction\",\"target\":[\"https:\/\/pasaarms.com\/tr\/inertia-sistem\/\"]}]},{\"@type\":\"ImageObject\",\"inLanguage\":\"tr\",\"@id\":\"https:\/\/pasaarms.com\/tr\/inertia-sistem\/#primaryimage\",\"url\":\"https:\/\/pasaarms.com\/tr\/wp-content\/uploads\/2022\/09\/RENTIA-W.png\",\"contentUrl\":\"https:\/\/pasaarms.com\/tr\/wp-content\/uploads\/2022\/09\/RENTIA-W.png\",\"width\":1920,\"height\":600},{\"@type\":\"BreadcrumbList\",\"@id\":\"https:\/\/pasaarms.com\/tr\/inertia-sistem\/#breadcrumb\",\"itemListElement\":[{\"@type\":\"ListItem\",\"position\":1,\"name\":\"Anasayfa\",\"item\":\"https:\/\/pasaarms.com\/tr\/\"},{\"@type\":\"ListItem\",\"position\":2,\"name\":\"Inertia Sistem\"}]},{\"@type\":\"WebSite\",\"@id\":\"https:\/\/pasaarms.com\/tr\/#website\",\"url\":\"https:\/\/pasaarms.com\/tr\/\",\"name\":\"Pa\u015fa Arms\",\"description\":\"Pa\u015fa Makina San Tic Ltd \u015eti\",\"publisher\":{\"@id\":\"https:\/\/pasaarms.com\/tr\/#organization\"},\"potentialAction\":[{\"@type\":\"SearchAction\",\"target\":{\"@type\":\"EntryPoint\",\"urlTemplate\":\"https:\/\/pasaarms.com\/tr\/?s={search_term_string}\"},\"query-input\":{\"@type\":\"PropertyValueSpecification\",\"valueRequired\":true,\"valueName\":\"search_term_string\"}}],\"inLanguage\":\"tr\"},{\"@type\":\"Organization\",\"@id\":\"https:\/\/pasaarms.com\/tr\/#organization\",\"name\":\"Pa\u015fa Arms\",\"url\":\"https:\/\/pasaarms.com\/tr\/\",\"logo\":{\"@type\":\"ImageObject\",\"inLanguage\":\"tr\",\"@id\":\"https:\/\/pasaarms.com\/tr\/#\/schema\/logo\/image\/\",\"url\":\"https:\/\/pasaarms.com\/tr\/wp-content\/uploads\/2022\/09\/pasa-logo.png\",\"contentUrl\":\"https:\/\/pasaarms.com\/tr\/wp-content\/uploads\/2022\/09\/pasa-logo.png\",\"width\":200,\"height\":200,\"caption\":\"Pa\u015fa Arms\"},\"image\":{\"@id\":\"https:\/\/pasaarms.com\/tr\/#\/schema\/logo\/image\/\"}}]}<\/script>\n<!-- \/ Yoast SEO plugin. -->","yoast_head_json":{"title":"Inertia Sistem - Pa\u015fa Arms","description":"Inertia Sistem kategorisindeki \u00fcr\u00fcnlerimiz. \u00dcr\u00fcn Modellerimiz; Rentia W, Rentia C, Rentia S,Rentia 01, Rentia 02, Rentia 03, Rentia 04...","robots":{"index":"index","follow":"follow","max-snippet":"max-snippet:-1","max-image-preview":"max-image-preview:large","max-video-preview":"max-video-preview:-1"},"canonical":"https:\/\/pasaarms.com\/tr\/inertia-sistem\/","og_locale":"tr_TR","og_type":"article","og_title":"Inertia Sistem - Pa\u015fa Arms","og_description":"Inertia Sistem kategorisindeki \u00fcr\u00fcnlerimiz. \u00dcr\u00fcn Modellerimiz; Rentia W, Rentia C, Rentia S,Rentia 01, Rentia 02, Rentia 03, Rentia 04...","og_url":"https:\/\/pasaarms.com\/tr\/inertia-sistem\/","og_site_name":"Pa\u015fa Arms","article_modified_time":"2022-09-24T13:36:49+00:00","og_image":[{"url":"http:\/\/pasaarms.com\/tr\/wp-content\/uploads\/2022\/09\/RENTIA-W-300x94.png","type":"","width":"","height":""}],"twitter_card":"summary_large_image","twitter_misc":{"Tahmini okuma s\u00fcresi":"1 dakika"},"schema":{"@context":"https:\/\/schema.org","@graph":[{"@type":"WebPage","@id":"https:\/\/pasaarms.com\/tr\/inertia-sistem\/","url":"https:\/\/pasaarms.com\/tr\/inertia-sistem\/","name":"Inertia Sistem - Pa\u015fa Arms","isPartOf":{"@id":"https:\/\/pasaarms.com\/tr\/#website"},"primaryImageOfPage":{"@id":"https:\/\/pasaarms.com\/tr\/inertia-sistem\/#primaryimage"},"image":{"@id":"https:\/\/pasaarms.com\/tr\/inertia-sistem\/#primaryimage"},"thumbnailUrl":"http:\/\/pasaarms.com\/tr\/wp-content\/uploads\/2022\/09\/RENTIA-W-300x94.png","datePublished":"2022-09-08T15:35:51+00:00","dateModified":"2022-09-24T13:36:49+00:00","description":"Inertia Sistem kategorisindeki \u00fcr\u00fcnlerimiz. \u00dcr\u00fcn Modellerimiz; Rentia W, Rentia C, Rentia S,Rentia 01, Rentia 02, Rentia 03, Rentia 04...","breadcrumb":{"@id":"https:\/\/pasaarms.com\/tr\/inertia-sistem\/#breadcrumb"},"inLanguage":"tr","potentialAction":[{"@type":"ReadAction","target":["https:\/\/pasaarms.com\/tr\/inertia-sistem\/"]}]},{"@type":"ImageObject","inLanguage":"tr","@id":"https:\/\/pasaarms.com\/tr\/inertia-sistem\/#primaryimage","url":"https:\/\/pasaarms.com\/tr\/wp-content\/uploads\/2022\/09\/RENTIA-W.png","contentUrl":"https:\/\/pasaarms.com\/tr\/wp-content\/uploads\/2022\/09\/RENTIA-W.png","width":1920,"height":600},{"@type":"BreadcrumbList","@id":"https:\/\/pasaarms.com\/tr\/inertia-sistem\/#breadcrumb","itemListElement":[{"@type":"ListItem","position":1,"name":"Anasayfa","item":"https:\/\/pasaarms.com\/tr\/"},{"@type":"ListItem","position":2,"name":"Inertia Sistem"}]},{"@type":"WebSite","@id":"https:\/\/pasaarms.com\/tr\/#website","url":"https:\/\/pasaarms.com\/tr\/","name":"Pa\u015fa Arms","description":"Pa\u015fa Makina San Tic Ltd \u015eti","publisher":{"@id":"https:\/\/pasaarms.com\/tr\/#organization"},"potentialAction":[{"@type":"SearchAction","target":{"@type":"EntryPoint","urlTemplate":"https:\/\/pasaarms.com\/tr\/?s={search_term_string}"},"query-input":{"@type":"PropertyValueSpecification","valueRequired":true,"valueName":"search_term_string"}}],"inLanguage":"tr"},{"@type":"Organization","@id":"https:\/\/pasaarms.com\/tr\/#organization","name":"Pa\u015fa Arms","url":"https:\/\/pasaarms.com\/tr\/","logo":{"@type":"ImageObject","inLanguage":"tr","@id":"https:\/\/pasaarms.com\/tr\/#\/schema\/logo\/image\/","url":"https:\/\/pasaarms.com\/tr\/wp-content\/uploads\/2022\/09\/pasa-logo.png","contentUrl":"https:\/\/pasaarms.com\/tr\/wp-content\/uploads\/2022\/09\/pasa-logo.png","width":200,"height":200,"caption":"Pa\u015fa Arms"},"image":{"@id":"https:\/\/pasaarms.com\/tr\/#\/schema\/logo\/image\/"}}]}},"_links":{"self":[{"href":"https:\/\/pasaarms.com\/tr\/wp-json\/wp\/v2\/pages\/1768","targetHints":{"allow":["GET"]}}],"collection":[{"href":"https:\/\/pasaarms.com\/tr\/wp-json\/wp\/v2\/pages"}],"about":[{"href":"https:\/\/pasaarms.com\/tr\/wp-json\/wp\/v2\/types\/page"}],"author":[{"embeddable":true,"href":"https:\/\/pasaarms.com\/tr\/wp-json\/wp\/v2\/users\/8"}],"replies":[{"embeddable":true,"href":"https:\/\/pasaarms.com\/tr\/wp-json\/wp\/v2\/comments?post=1768"}],"version-history":[{"count":5,"href":"https:\/\/pasaarms.com\/tr\/wp-json\/wp\/v2\/pages\/1768\/revisions"}],"predecessor-version":[{"id":2421,"href":"https:\/\/pasaarms.com\/tr\/wp-json\/wp\/v2\/pages\/1768\/revisions\/2421"}],"wp:attachment":[{"href":"https:\/\/pasaarms.com\/tr\/wp-json\/wp\/v2\/media?parent=1768"}],"curies":[{"name":"wp","href":"https:\/\/api.w.org\/{rel}","templated":true}]}}