{"id":1762,"date":"2022-09-08T18:10:49","date_gmt":"2022-09-08T15:10:49","guid":{"rendered":"https:\/\/pasaarms.com\/tr\/?page_id=1762"},"modified":"2022-09-24T16:24:52","modified_gmt":"2022-09-24T13:24:52","slug":"dikey-sarjorlu","status":"publish","type":"page","link":"https:\/\/pasaarms.com\/tr\/dikey-sarjorlu\/","title":{"rendered":"Dikey \u015earj\u00f6rl\u00fc"},"content":{"rendered":"<p id=\"tw-target-text\" class=\"tw-data-text tw-text-large tw-ta\" dir=\"ltr\" data-placeholder=\"\u00c7eviri\"><span class=\"Y2IQFc\" lang=\"tr\"><a href=\"https:\/\/pasaarms.com\/tr\/dikey-sarjorlu\">Dikey \u015earj\u00f6rl\u00fc<\/a> kategorisindeki \u00fcr\u00fcnlerimiz. <\/span><\/p>\n<p>\u00dcr\u00fcn Modelleri,\u00a0Spectre 01, Spectre 02, Spectre 03, Spectre 04, Spectre 05, Spectre 06..<\/p>\n<p class=\"tw-data-text tw-text-large tw-ta\" dir=\"ltr\" data-placeholder=\"\u00c7eviri\"><span class=\"Y2IQFc\" lang=\"tr\">Spectre 01 \u00fcr\u00fcn modeli <\/span>12 GA kalibre olup \u00e7al\u0131\u015fma sistemi olarak gazl\u0131 sistemi kullan\u0131r. Namlusu AISI 4140 Karbon \u00c7elikten \u00fcretilmi\u015ftir. Namlu Kaplamas\u0131 Mat ve Parlak Siyah Krom dur.<\/p>\n<p dir=\"ltr\" data-placeholder=\"\u00c7eviri\"><img loading=\"lazy\" decoding=\"async\" class=\"alignnone size-medium wp-image-2050\" src=\"http:\/\/pasaarms.com\/tr\/wp-content\/uploads\/2022\/09\/Spectre-01-300x94.png\" alt=\"\" width=\"300\" height=\"94\" srcset=\"https:\/\/pasaarms.com\/tr\/wp-content\/uploads\/2022\/09\/Spectre-01-300x94.png 300w, https:\/\/pasaarms.com\/tr\/wp-content\/uploads\/2022\/09\/Spectre-01-1024x320.png 1024w, https:\/\/pasaarms.com\/tr\/wp-content\/uploads\/2022\/09\/Spectre-01-768x240.png 768w, https:\/\/pasaarms.com\/tr\/wp-content\/uploads\/2022\/09\/Spectre-01-1536x480.png 1536w, https:\/\/pasaarms.com\/tr\/wp-content\/uploads\/2022\/09\/Spectre-01-336x105.png 336w, https:\/\/pasaarms.com\/tr\/wp-content\/uploads\/2022\/09\/Spectre-01.png 1920w\" sizes=\"auto, (max-width: 300px) 100vw, 300px\" \/><\/p>\n","protected":false},"excerpt":{"rendered":"<p>Dikey \u015earj\u00f6rl\u00fc kategorisindeki \u00fcr\u00fcnlerimiz. \u00dcr\u00fcn Modelleri,\u00a0Spectre 01, Spectre 02, Spectre 03, Spectre 04, Spectre 05, Spectre 06.. Spectre 01 \u00fcr\u00fcn modeli 12 GA kalibre olup \u00e7al\u0131\u015fma sistemi olarak gazl\u0131 sistemi kullan\u0131r. Namlusu AISI 4140 Karbon \u00c7elikten \u00fcretilmi\u015ftir. Namlu Kaplamas\u0131 Mat ve Parlak Siyah Krom dur.<\/p>\n","protected":false},"author":8,"featured_media":0,"parent":0,"menu_order":0,"comment_status":"closed","ping_status":"closed","template":"","meta":{"_acf_changed":false,"footnotes":""},"class_list":["post-1762","page","type-page","status-publish","hentry"],"acf":[],"yoast_head":"<!-- This site is optimized with the Yoast SEO plugin v27.1.1 - https:\/\/yoast.com\/product\/yoast-seo-wordpress\/ -->\n<title>Dikey \u015earj\u00f6rl\u00fc - Pa\u015fa Arms<\/title>\n<meta name=\"description\" content=\"Dikey \u015earj\u00f6rl\u00fc kategorisindeki \u00fcr\u00fcnlerimiz. \u00dcr\u00fcn Modelleri,\u00a0Spectre 01, Spectre 02, Spectre 03, Spectre 04, Spectre 05, Spectre 06..\" \/>\n<meta name=\"robots\" content=\"index, follow, max-snippet:-1, max-image-preview:large, max-video-preview:-1\" \/>\n<link rel=\"canonical\" href=\"https:\/\/pasaarms.com\/tr\/dikey-sarjorlu\/\" \/>\n<meta property=\"og:locale\" content=\"tr_TR\" \/>\n<meta property=\"og:type\" content=\"article\" \/>\n<meta property=\"og:title\" content=\"Dikey \u015earj\u00f6rl\u00fc - Pa\u015fa Arms\" \/>\n<meta property=\"og:description\" content=\"Dikey \u015earj\u00f6rl\u00fc kategorisindeki \u00fcr\u00fcnlerimiz. \u00dcr\u00fcn Modelleri,\u00a0Spectre 01, Spectre 02, Spectre 03, Spectre 04, Spectre 05, Spectre 06..\" \/>\n<meta property=\"og:url\" content=\"https:\/\/pasaarms.com\/tr\/dikey-sarjorlu\/\" \/>\n<meta property=\"og:site_name\" content=\"Pa\u015fa Arms\" \/>\n<meta property=\"article:modified_time\" content=\"2022-09-24T13:24:52+00:00\" \/>\n<meta property=\"og:image\" content=\"http:\/\/pasaarms.com\/tr\/wp-content\/uploads\/2022\/09\/Spectre-01-300x94.png\" \/>\n<meta name=\"twitter:card\" content=\"summary_large_image\" \/>\n<meta name=\"twitter:label1\" content=\"Tahmini okuma s\u00fcresi\" \/>\n\t<meta name=\"twitter:data1\" content=\"1 dakika\" \/>\n<script type=\"application\/ld+json\" class=\"yoast-schema-graph\">{\"@context\":\"https:\/\/schema.org\",\"@graph\":[{\"@type\":\"WebPage\",\"@id\":\"https:\/\/pasaarms.com\/tr\/dikey-sarjorlu\/\",\"url\":\"https:\/\/pasaarms.com\/tr\/dikey-sarjorlu\/\",\"name\":\"Dikey \u015earj\u00f6rl\u00fc - Pa\u015fa Arms\",\"isPartOf\":{\"@id\":\"https:\/\/pasaarms.com\/tr\/#website\"},\"primaryImageOfPage\":{\"@id\":\"https:\/\/pasaarms.com\/tr\/dikey-sarjorlu\/#primaryimage\"},\"image\":{\"@id\":\"https:\/\/pasaarms.com\/tr\/dikey-sarjorlu\/#primaryimage\"},\"thumbnailUrl\":\"http:\/\/pasaarms.com\/tr\/wp-content\/uploads\/2022\/09\/Spectre-01-300x94.png\",\"datePublished\":\"2022-09-08T15:10:49+00:00\",\"dateModified\":\"2022-09-24T13:24:52+00:00\",\"description\":\"Dikey \u015earj\u00f6rl\u00fc kategorisindeki \u00fcr\u00fcnlerimiz. \u00dcr\u00fcn Modelleri,\u00a0Spectre 01, Spectre 02, Spectre 03, Spectre 04, Spectre 05, Spectre 06..\",\"breadcrumb\":{\"@id\":\"https:\/\/pasaarms.com\/tr\/dikey-sarjorlu\/#breadcrumb\"},\"inLanguage\":\"tr\",\"potentialAction\":[{\"@type\":\"ReadAction\",\"target\":[\"https:\/\/pasaarms.com\/tr\/dikey-sarjorlu\/\"]}]},{\"@type\":\"ImageObject\",\"inLanguage\":\"tr\",\"@id\":\"https:\/\/pasaarms.com\/tr\/dikey-sarjorlu\/#primaryimage\",\"url\":\"http:\/\/pasaarms.com\/tr\/wp-content\/uploads\/2022\/09\/Spectre-01-300x94.png\",\"contentUrl\":\"http:\/\/pasaarms.com\/tr\/wp-content\/uploads\/2022\/09\/Spectre-01-300x94.png\"},{\"@type\":\"BreadcrumbList\",\"@id\":\"https:\/\/pasaarms.com\/tr\/dikey-sarjorlu\/#breadcrumb\",\"itemListElement\":[{\"@type\":\"ListItem\",\"position\":1,\"name\":\"Anasayfa\",\"item\":\"https:\/\/pasaarms.com\/tr\/\"},{\"@type\":\"ListItem\",\"position\":2,\"name\":\"Dikey \u015earj\u00f6rl\u00fc\"}]},{\"@type\":\"WebSite\",\"@id\":\"https:\/\/pasaarms.com\/tr\/#website\",\"url\":\"https:\/\/pasaarms.com\/tr\/\",\"name\":\"Pa\u015fa Arms\",\"description\":\"Pa\u015fa Makina San Tic Ltd \u015eti\",\"publisher\":{\"@id\":\"https:\/\/pasaarms.com\/tr\/#organization\"},\"potentialAction\":[{\"@type\":\"SearchAction\",\"target\":{\"@type\":\"EntryPoint\",\"urlTemplate\":\"https:\/\/pasaarms.com\/tr\/?s={search_term_string}\"},\"query-input\":{\"@type\":\"PropertyValueSpecification\",\"valueRequired\":true,\"valueName\":\"search_term_string\"}}],\"inLanguage\":\"tr\"},{\"@type\":\"Organization\",\"@id\":\"https:\/\/pasaarms.com\/tr\/#organization\",\"name\":\"Pa\u015fa Arms\",\"url\":\"https:\/\/pasaarms.com\/tr\/\",\"logo\":{\"@type\":\"ImageObject\",\"inLanguage\":\"tr\",\"@id\":\"https:\/\/pasaarms.com\/tr\/#\/schema\/logo\/image\/\",\"url\":\"https:\/\/pasaarms.com\/tr\/wp-content\/uploads\/2022\/09\/pasa-logo.png\",\"contentUrl\":\"https:\/\/pasaarms.com\/tr\/wp-content\/uploads\/2022\/09\/pasa-logo.png\",\"width\":200,\"height\":200,\"caption\":\"Pa\u015fa Arms\"},\"image\":{\"@id\":\"https:\/\/pasaarms.com\/tr\/#\/schema\/logo\/image\/\"}}]}<\/script>\n<!-- \/ Yoast SEO plugin. -->","yoast_head_json":{"title":"Dikey \u015earj\u00f6rl\u00fc - Pa\u015fa Arms","description":"Dikey \u015earj\u00f6rl\u00fc kategorisindeki \u00fcr\u00fcnlerimiz. \u00dcr\u00fcn Modelleri,\u00a0Spectre 01, Spectre 02, Spectre 03, Spectre 04, Spectre 05, Spectre 06..","robots":{"index":"index","follow":"follow","max-snippet":"max-snippet:-1","max-image-preview":"max-image-preview:large","max-video-preview":"max-video-preview:-1"},"canonical":"https:\/\/pasaarms.com\/tr\/dikey-sarjorlu\/","og_locale":"tr_TR","og_type":"article","og_title":"Dikey \u015earj\u00f6rl\u00fc - Pa\u015fa Arms","og_description":"Dikey \u015earj\u00f6rl\u00fc kategorisindeki \u00fcr\u00fcnlerimiz. \u00dcr\u00fcn Modelleri,\u00a0Spectre 01, Spectre 02, Spectre 03, Spectre 04, Spectre 05, Spectre 06..","og_url":"https:\/\/pasaarms.com\/tr\/dikey-sarjorlu\/","og_site_name":"Pa\u015fa Arms","article_modified_time":"2022-09-24T13:24:52+00:00","og_image":[{"url":"http:\/\/pasaarms.com\/tr\/wp-content\/uploads\/2022\/09\/Spectre-01-300x94.png","type":"","width":"","height":""}],"twitter_card":"summary_large_image","twitter_misc":{"Tahmini okuma s\u00fcresi":"1 dakika"},"schema":{"@context":"https:\/\/schema.org","@graph":[{"@type":"WebPage","@id":"https:\/\/pasaarms.com\/tr\/dikey-sarjorlu\/","url":"https:\/\/pasaarms.com\/tr\/dikey-sarjorlu\/","name":"Dikey \u015earj\u00f6rl\u00fc - Pa\u015fa Arms","isPartOf":{"@id":"https:\/\/pasaarms.com\/tr\/#website"},"primaryImageOfPage":{"@id":"https:\/\/pasaarms.com\/tr\/dikey-sarjorlu\/#primaryimage"},"image":{"@id":"https:\/\/pasaarms.com\/tr\/dikey-sarjorlu\/#primaryimage"},"thumbnailUrl":"http:\/\/pasaarms.com\/tr\/wp-content\/uploads\/2022\/09\/Spectre-01-300x94.png","datePublished":"2022-09-08T15:10:49+00:00","dateModified":"2022-09-24T13:24:52+00:00","description":"Dikey \u015earj\u00f6rl\u00fc kategorisindeki \u00fcr\u00fcnlerimiz. \u00dcr\u00fcn Modelleri,\u00a0Spectre 01, Spectre 02, Spectre 03, Spectre 04, Spectre 05, Spectre 06..","breadcrumb":{"@id":"https:\/\/pasaarms.com\/tr\/dikey-sarjorlu\/#breadcrumb"},"inLanguage":"tr","potentialAction":[{"@type":"ReadAction","target":["https:\/\/pasaarms.com\/tr\/dikey-sarjorlu\/"]}]},{"@type":"ImageObject","inLanguage":"tr","@id":"https:\/\/pasaarms.com\/tr\/dikey-sarjorlu\/#primaryimage","url":"http:\/\/pasaarms.com\/tr\/wp-content\/uploads\/2022\/09\/Spectre-01-300x94.png","contentUrl":"http:\/\/pasaarms.com\/tr\/wp-content\/uploads\/2022\/09\/Spectre-01-300x94.png"},{"@type":"BreadcrumbList","@id":"https:\/\/pasaarms.com\/tr\/dikey-sarjorlu\/#breadcrumb","itemListElement":[{"@type":"ListItem","position":1,"name":"Anasayfa","item":"https:\/\/pasaarms.com\/tr\/"},{"@type":"ListItem","position":2,"name":"Dikey \u015earj\u00f6rl\u00fc"}]},{"@type":"WebSite","@id":"https:\/\/pasaarms.com\/tr\/#website","url":"https:\/\/pasaarms.com\/tr\/","name":"Pa\u015fa Arms","description":"Pa\u015fa Makina San Tic Ltd \u015eti","publisher":{"@id":"https:\/\/pasaarms.com\/tr\/#organization"},"potentialAction":[{"@type":"SearchAction","target":{"@type":"EntryPoint","urlTemplate":"https:\/\/pasaarms.com\/tr\/?s={search_term_string}"},"query-input":{"@type":"PropertyValueSpecification","valueRequired":true,"valueName":"search_term_string"}}],"inLanguage":"tr"},{"@type":"Organization","@id":"https:\/\/pasaarms.com\/tr\/#organization","name":"Pa\u015fa Arms","url":"https:\/\/pasaarms.com\/tr\/","logo":{"@type":"ImageObject","inLanguage":"tr","@id":"https:\/\/pasaarms.com\/tr\/#\/schema\/logo\/image\/","url":"https:\/\/pasaarms.com\/tr\/wp-content\/uploads\/2022\/09\/pasa-logo.png","contentUrl":"https:\/\/pasaarms.com\/tr\/wp-content\/uploads\/2022\/09\/pasa-logo.png","width":200,"height":200,"caption":"Pa\u015fa Arms"},"image":{"@id":"https:\/\/pasaarms.com\/tr\/#\/schema\/logo\/image\/"}}]}},"_links":{"self":[{"href":"https:\/\/pasaarms.com\/tr\/wp-json\/wp\/v2\/pages\/1762","targetHints":{"allow":["GET"]}}],"collection":[{"href":"https:\/\/pasaarms.com\/tr\/wp-json\/wp\/v2\/pages"}],"about":[{"href":"https:\/\/pasaarms.com\/tr\/wp-json\/wp\/v2\/types\/page"}],"author":[{"embeddable":true,"href":"https:\/\/pasaarms.com\/tr\/wp-json\/wp\/v2\/users\/8"}],"replies":[{"embeddable":true,"href":"https:\/\/pasaarms.com\/tr\/wp-json\/wp\/v2\/comments?post=1762"}],"version-history":[{"count":4,"href":"https:\/\/pasaarms.com\/tr\/wp-json\/wp\/v2\/pages\/1762\/revisions"}],"predecessor-version":[{"id":2412,"href":"https:\/\/pasaarms.com\/tr\/wp-json\/wp\/v2\/pages\/1762\/revisions\/2412"}],"wp:attachment":[{"href":"https:\/\/pasaarms.com\/tr\/wp-json\/wp\/v2\/media?parent=1762"}],"curies":[{"name":"wp","href":"https:\/\/api.w.org\/{rel}","templated":true}]}}