{"id":1760,"date":"2022-09-08T18:08:58","date_gmt":"2022-09-08T15:08:58","guid":{"rendered":"https:\/\/pasaarms.com\/tr\/?page_id=1760"},"modified":"2022-09-24T16:47:20","modified_gmt":"2022-09-24T13:47:20","slug":"taktikal-yari-otomatik","status":"publish","type":"page","link":"https:\/\/pasaarms.com\/tr\/taktikal-yari-otomatik\/","title":{"rendered":"Taktikal Yar\u0131 Otomatik"},"content":{"rendered":"<p id=\"tw-target-text\" class=\"tw-data-text tw-text-large tw-ta\" dir=\"ltr\" data-placeholder=\"\u00c7eviri\"><span class=\"Y2IQFc\" lang=\"tr\"><a href=\"https:\/\/pasaarms.com\/tr\/taktikal-yari-otomatik\/\">Taktikal kategorisindeki<\/a> \u00fcr\u00fcnlerimiz.<\/span><\/p>\n<p dir=\"ltr\" data-placeholder=\"\u00c7eviri\">\u00dcr\u00fcn Modellerimiz; PM4 Black, PM4 Bronze, PM4 Fde, PM4 Green, Qaton-T 01, Qaton-T 02, Impulse-T 01, Impulse-T 02, Impulse-T 03, Impulse-T 04..<\/p>\n<p class=\"tw-data-text tw-text-large tw-ta\" dir=\"ltr\" data-placeholder=\"\u00c7eviri\"><span class=\"Y2IQFc\" lang=\"tr\">PM4 Black \u00fcr\u00fcn modeli 12 GA<\/span> kalibre olup \u00e7al\u0131\u015fma sistemi olarak gazl\u0131 sistem kullan\u0131r. Namlu uzunlu\u011fu 47 CM, 51CM, 61 CM, 66 CM, 71 CM. Namlusu AISI 4140 Karbon \u00c7elikten \u00fcretilmi\u015ftir.<\/p>\n","protected":false},"excerpt":{"rendered":"<p>Taktikal kategorisindeki \u00fcr\u00fcnlerimiz. \u00dcr\u00fcn Modellerimiz; PM4 Black, PM4 Bronze, PM4 Fde, PM4 Green, Qaton-T 01, Qaton-T 02, Impulse-T 01, Impulse-T 02, Impulse-T 03, Impulse-T 04.. PM4 Black \u00fcr\u00fcn modeli 12 GA kalibre olup \u00e7al\u0131\u015fma sistemi olarak gazl\u0131 sistem kullan\u0131r. Namlu uzunlu\u011fu 47 CM, 51CM, 61 CM, 66 CM, 71 CM. Namlusu AISI 4140 Karbon \u00c7elikten \u00fcretilmi\u015ftir.<\/p>\n","protected":false},"author":8,"featured_media":0,"parent":0,"menu_order":0,"comment_status":"closed","ping_status":"closed","template":"","meta":{"_acf_changed":false,"footnotes":""},"class_list":["post-1760","page","type-page","status-publish","hentry"],"acf":[],"yoast_head":"<!-- This site is optimized with the Yoast SEO plugin v27.1.1 - https:\/\/yoast.com\/product\/yoast-seo-wordpress\/ -->\n<title>Taktikal Yar\u0131 Otomatik - Pa\u015fa Arms<\/title>\n<meta name=\"description\" content=\"\u00dcr\u00fcn Modellerimiz; PM4 Black, PM4 Bronze, PM4 Fde, PM4 Green, Qaton-T 01, Qaton-T 02, Impulse-T 01, Impulse-T 02, Impulse-T 03, Impulse-T 04..\" \/>\n<meta name=\"robots\" content=\"index, follow, max-snippet:-1, max-image-preview:large, max-video-preview:-1\" \/>\n<link rel=\"canonical\" href=\"https:\/\/pasaarms.com\/tr\/taktikal-yari-otomatik\/\" \/>\n<meta property=\"og:locale\" content=\"tr_TR\" \/>\n<meta property=\"og:type\" content=\"article\" \/>\n<meta property=\"og:title\" content=\"Taktikal Yar\u0131 Otomatik - Pa\u015fa Arms\" \/>\n<meta property=\"og:description\" content=\"\u00dcr\u00fcn Modellerimiz; PM4 Black, PM4 Bronze, PM4 Fde, PM4 Green, Qaton-T 01, Qaton-T 02, Impulse-T 01, Impulse-T 02, Impulse-T 03, Impulse-T 04..\" \/>\n<meta property=\"og:url\" content=\"https:\/\/pasaarms.com\/tr\/taktikal-yari-otomatik\/\" \/>\n<meta property=\"og:site_name\" content=\"Pa\u015fa Arms\" \/>\n<meta property=\"article:modified_time\" content=\"2022-09-24T13:47:20+00:00\" \/>\n<meta name=\"twitter:card\" content=\"summary_large_image\" \/>\n<meta name=\"twitter:label1\" content=\"Tahmini okuma s\u00fcresi\" \/>\n\t<meta name=\"twitter:data1\" content=\"1 dakika\" \/>\n<script type=\"application\/ld+json\" class=\"yoast-schema-graph\">{\"@context\":\"https:\/\/schema.org\",\"@graph\":[{\"@type\":\"WebPage\",\"@id\":\"https:\/\/pasaarms.com\/tr\/taktikal-yari-otomatik\/\",\"url\":\"https:\/\/pasaarms.com\/tr\/taktikal-yari-otomatik\/\",\"name\":\"Taktikal Yar\u0131 Otomatik - Pa\u015fa Arms\",\"isPartOf\":{\"@id\":\"https:\/\/pasaarms.com\/tr\/#website\"},\"datePublished\":\"2022-09-08T15:08:58+00:00\",\"dateModified\":\"2022-09-24T13:47:20+00:00\",\"description\":\"\u00dcr\u00fcn Modellerimiz; PM4 Black, PM4 Bronze, PM4 Fde, PM4 Green, Qaton-T 01, Qaton-T 02, Impulse-T 01, Impulse-T 02, Impulse-T 03, Impulse-T 04..\",\"breadcrumb\":{\"@id\":\"https:\/\/pasaarms.com\/tr\/taktikal-yari-otomatik\/#breadcrumb\"},\"inLanguage\":\"tr\",\"potentialAction\":[{\"@type\":\"ReadAction\",\"target\":[\"https:\/\/pasaarms.com\/tr\/taktikal-yari-otomatik\/\"]}]},{\"@type\":\"BreadcrumbList\",\"@id\":\"https:\/\/pasaarms.com\/tr\/taktikal-yari-otomatik\/#breadcrumb\",\"itemListElement\":[{\"@type\":\"ListItem\",\"position\":1,\"name\":\"Anasayfa\",\"item\":\"https:\/\/pasaarms.com\/tr\/\"},{\"@type\":\"ListItem\",\"position\":2,\"name\":\"Taktikal Yar\u0131 Otomatik\"}]},{\"@type\":\"WebSite\",\"@id\":\"https:\/\/pasaarms.com\/tr\/#website\",\"url\":\"https:\/\/pasaarms.com\/tr\/\",\"name\":\"Pa\u015fa Arms\",\"description\":\"Pa\u015fa Makina San Tic Ltd \u015eti\",\"publisher\":{\"@id\":\"https:\/\/pasaarms.com\/tr\/#organization\"},\"potentialAction\":[{\"@type\":\"SearchAction\",\"target\":{\"@type\":\"EntryPoint\",\"urlTemplate\":\"https:\/\/pasaarms.com\/tr\/?s={search_term_string}\"},\"query-input\":{\"@type\":\"PropertyValueSpecification\",\"valueRequired\":true,\"valueName\":\"search_term_string\"}}],\"inLanguage\":\"tr\"},{\"@type\":\"Organization\",\"@id\":\"https:\/\/pasaarms.com\/tr\/#organization\",\"name\":\"Pa\u015fa Arms\",\"url\":\"https:\/\/pasaarms.com\/tr\/\",\"logo\":{\"@type\":\"ImageObject\",\"inLanguage\":\"tr\",\"@id\":\"https:\/\/pasaarms.com\/tr\/#\/schema\/logo\/image\/\",\"url\":\"https:\/\/pasaarms.com\/tr\/wp-content\/uploads\/2022\/09\/pasa-logo.png\",\"contentUrl\":\"https:\/\/pasaarms.com\/tr\/wp-content\/uploads\/2022\/09\/pasa-logo.png\",\"width\":200,\"height\":200,\"caption\":\"Pa\u015fa Arms\"},\"image\":{\"@id\":\"https:\/\/pasaarms.com\/tr\/#\/schema\/logo\/image\/\"}}]}<\/script>\n<!-- \/ Yoast SEO plugin. -->","yoast_head_json":{"title":"Taktikal Yar\u0131 Otomatik - Pa\u015fa Arms","description":"\u00dcr\u00fcn Modellerimiz; PM4 Black, PM4 Bronze, PM4 Fde, PM4 Green, Qaton-T 01, Qaton-T 02, Impulse-T 01, Impulse-T 02, Impulse-T 03, Impulse-T 04..","robots":{"index":"index","follow":"follow","max-snippet":"max-snippet:-1","max-image-preview":"max-image-preview:large","max-video-preview":"max-video-preview:-1"},"canonical":"https:\/\/pasaarms.com\/tr\/taktikal-yari-otomatik\/","og_locale":"tr_TR","og_type":"article","og_title":"Taktikal Yar\u0131 Otomatik - Pa\u015fa Arms","og_description":"\u00dcr\u00fcn Modellerimiz; PM4 Black, PM4 Bronze, PM4 Fde, PM4 Green, Qaton-T 01, Qaton-T 02, Impulse-T 01, Impulse-T 02, Impulse-T 03, Impulse-T 04..","og_url":"https:\/\/pasaarms.com\/tr\/taktikal-yari-otomatik\/","og_site_name":"Pa\u015fa Arms","article_modified_time":"2022-09-24T13:47:20+00:00","twitter_card":"summary_large_image","twitter_misc":{"Tahmini okuma s\u00fcresi":"1 dakika"},"schema":{"@context":"https:\/\/schema.org","@graph":[{"@type":"WebPage","@id":"https:\/\/pasaarms.com\/tr\/taktikal-yari-otomatik\/","url":"https:\/\/pasaarms.com\/tr\/taktikal-yari-otomatik\/","name":"Taktikal Yar\u0131 Otomatik - Pa\u015fa Arms","isPartOf":{"@id":"https:\/\/pasaarms.com\/tr\/#website"},"datePublished":"2022-09-08T15:08:58+00:00","dateModified":"2022-09-24T13:47:20+00:00","description":"\u00dcr\u00fcn Modellerimiz; PM4 Black, PM4 Bronze, PM4 Fde, PM4 Green, Qaton-T 01, Qaton-T 02, Impulse-T 01, Impulse-T 02, Impulse-T 03, Impulse-T 04..","breadcrumb":{"@id":"https:\/\/pasaarms.com\/tr\/taktikal-yari-otomatik\/#breadcrumb"},"inLanguage":"tr","potentialAction":[{"@type":"ReadAction","target":["https:\/\/pasaarms.com\/tr\/taktikal-yari-otomatik\/"]}]},{"@type":"BreadcrumbList","@id":"https:\/\/pasaarms.com\/tr\/taktikal-yari-otomatik\/#breadcrumb","itemListElement":[{"@type":"ListItem","position":1,"name":"Anasayfa","item":"https:\/\/pasaarms.com\/tr\/"},{"@type":"ListItem","position":2,"name":"Taktikal Yar\u0131 Otomatik"}]},{"@type":"WebSite","@id":"https:\/\/pasaarms.com\/tr\/#website","url":"https:\/\/pasaarms.com\/tr\/","name":"Pa\u015fa Arms","description":"Pa\u015fa Makina San Tic Ltd \u015eti","publisher":{"@id":"https:\/\/pasaarms.com\/tr\/#organization"},"potentialAction":[{"@type":"SearchAction","target":{"@type":"EntryPoint","urlTemplate":"https:\/\/pasaarms.com\/tr\/?s={search_term_string}"},"query-input":{"@type":"PropertyValueSpecification","valueRequired":true,"valueName":"search_term_string"}}],"inLanguage":"tr"},{"@type":"Organization","@id":"https:\/\/pasaarms.com\/tr\/#organization","name":"Pa\u015fa Arms","url":"https:\/\/pasaarms.com\/tr\/","logo":{"@type":"ImageObject","inLanguage":"tr","@id":"https:\/\/pasaarms.com\/tr\/#\/schema\/logo\/image\/","url":"https:\/\/pasaarms.com\/tr\/wp-content\/uploads\/2022\/09\/pasa-logo.png","contentUrl":"https:\/\/pasaarms.com\/tr\/wp-content\/uploads\/2022\/09\/pasa-logo.png","width":200,"height":200,"caption":"Pa\u015fa Arms"},"image":{"@id":"https:\/\/pasaarms.com\/tr\/#\/schema\/logo\/image\/"}}]}},"_links":{"self":[{"href":"https:\/\/pasaarms.com\/tr\/wp-json\/wp\/v2\/pages\/1760","targetHints":{"allow":["GET"]}}],"collection":[{"href":"https:\/\/pasaarms.com\/tr\/wp-json\/wp\/v2\/pages"}],"about":[{"href":"https:\/\/pasaarms.com\/tr\/wp-json\/wp\/v2\/types\/page"}],"author":[{"embeddable":true,"href":"https:\/\/pasaarms.com\/tr\/wp-json\/wp\/v2\/users\/8"}],"replies":[{"embeddable":true,"href":"https:\/\/pasaarms.com\/tr\/wp-json\/wp\/v2\/comments?post=1760"}],"version-history":[{"count":4,"href":"https:\/\/pasaarms.com\/tr\/wp-json\/wp\/v2\/pages\/1760\/revisions"}],"predecessor-version":[{"id":2428,"href":"https:\/\/pasaarms.com\/tr\/wp-json\/wp\/v2\/pages\/1760\/revisions\/2428"}],"wp:attachment":[{"href":"https:\/\/pasaarms.com\/tr\/wp-json\/wp\/v2\/media?parent=1760"}],"curies":[{"name":"wp","href":"https:\/\/api.w.org\/{rel}","templated":true}]}}