{"id":1675,"date":"2022-09-08T16:24:03","date_gmt":"2022-09-08T13:24:03","guid":{"rendered":"https:\/\/pasaarms.com\/tr\/?page_id=1675"},"modified":"2022-09-24T16:53:04","modified_gmt":"2022-09-24T13:53:04","slug":"yarim-kasa-inertia","status":"publish","type":"page","link":"https:\/\/pasaarms.com\/tr\/yarim-kasa-inertia\/","title":{"rendered":"Yar\u0131m Kasa Inertia"},"content":{"rendered":"<p id=\"tw-target-text\" class=\"tw-data-text tw-text-large tw-ta\" dir=\"ltr\" data-placeholder=\"\u00c7eviri\"><span class=\"Y2IQFc\" lang=\"tr\">Yar\u0131m Kasa Inertia kategorisindeki \u00fcr\u00fcnlerimiz.<\/span><\/p>\n<p class=\"tw-data-text tw-text-large tw-ta\" dir=\"ltr\" data-placeholder=\"\u00c7eviri\"><span class=\"Y2IQFc\" lang=\"tr\">Massive \u00fcr\u00fcn modeli 12 GA<\/span> kalibre olup \u00e7al\u0131\u015fma sistemi olarak D\u00f6ner Ba\u015fl\u0131 Kinetik Sistem kullan\u0131r. G\u00f6vde kaplamas\u0131 \u00dcst G\u00f6vde: Siyah Eloksal, Alt G\u00f6vde: Eloksal Kaplama dan olu\u015fur.<\/p>\n","protected":false},"excerpt":{"rendered":"<p>Yar\u0131m Kasa Inertia kategorisindeki \u00fcr\u00fcnlerimiz. Massive \u00fcr\u00fcn modeli 12 GA kalibre olup \u00e7al\u0131\u015fma sistemi olarak D\u00f6ner Ba\u015fl\u0131 Kinetik Sistem kullan\u0131r. G\u00f6vde kaplamas\u0131 \u00dcst G\u00f6vde: Siyah Eloksal, Alt G\u00f6vde: Eloksal Kaplama dan olu\u015fur.<\/p>\n","protected":false},"author":8,"featured_media":0,"parent":0,"menu_order":0,"comment_status":"closed","ping_status":"closed","template":"","meta":{"_acf_changed":false,"footnotes":""},"class_list":["post-1675","page","type-page","status-publish","hentry"],"acf":[],"yoast_head":"<!-- This site is optimized with the Yoast SEO plugin v27.1.1 - https:\/\/yoast.com\/product\/yoast-seo-wordpress\/ -->\n<title>Yar\u0131m Kasa Inertia - Pa\u015fa Arms<\/title>\n<meta name=\"description\" content=\"Massive \u00fcr\u00fcn modeli 12 GA kalibre olup \u00e7al\u0131\u015fma sistemi olarak D\u00f6ner Ba\u015fl\u0131 Kinetik Sistem kullan\u0131r. G\u00f6vde kaplamas\u0131 \u00dcst G\u00f6vde: Siyah Eloksal, ..\" \/>\n<meta name=\"robots\" content=\"index, follow, max-snippet:-1, max-image-preview:large, max-video-preview:-1\" \/>\n<link rel=\"canonical\" href=\"https:\/\/pasaarms.com\/tr\/yarim-kasa-inertia\/\" \/>\n<meta property=\"og:locale\" content=\"tr_TR\" \/>\n<meta property=\"og:type\" content=\"article\" \/>\n<meta property=\"og:title\" content=\"Yar\u0131m Kasa Inertia - Pa\u015fa Arms\" \/>\n<meta property=\"og:description\" content=\"Massive \u00fcr\u00fcn modeli 12 GA kalibre olup \u00e7al\u0131\u015fma sistemi olarak D\u00f6ner Ba\u015fl\u0131 Kinetik Sistem kullan\u0131r. G\u00f6vde kaplamas\u0131 \u00dcst G\u00f6vde: Siyah Eloksal, ..\" \/>\n<meta property=\"og:url\" content=\"https:\/\/pasaarms.com\/tr\/yarim-kasa-inertia\/\" \/>\n<meta property=\"og:site_name\" content=\"Pa\u015fa Arms\" \/>\n<meta property=\"article:modified_time\" content=\"2022-09-24T13:53:04+00:00\" \/>\n<meta name=\"twitter:card\" content=\"summary_large_image\" \/>\n<meta name=\"twitter:label1\" content=\"Tahmini okuma s\u00fcresi\" \/>\n\t<meta name=\"twitter:data1\" content=\"1 dakika\" \/>\n<script type=\"application\/ld+json\" class=\"yoast-schema-graph\">{\"@context\":\"https:\/\/schema.org\",\"@graph\":[{\"@type\":\"WebPage\",\"@id\":\"https:\/\/pasaarms.com\/tr\/yarim-kasa-inertia\/\",\"url\":\"https:\/\/pasaarms.com\/tr\/yarim-kasa-inertia\/\",\"name\":\"Yar\u0131m Kasa Inertia - Pa\u015fa Arms\",\"isPartOf\":{\"@id\":\"https:\/\/pasaarms.com\/tr\/#website\"},\"datePublished\":\"2022-09-08T13:24:03+00:00\",\"dateModified\":\"2022-09-24T13:53:04+00:00\",\"description\":\"Massive \u00fcr\u00fcn modeli 12 GA kalibre olup \u00e7al\u0131\u015fma sistemi olarak D\u00f6ner Ba\u015fl\u0131 Kinetik Sistem kullan\u0131r. G\u00f6vde kaplamas\u0131 \u00dcst G\u00f6vde: Siyah Eloksal, ..\",\"breadcrumb\":{\"@id\":\"https:\/\/pasaarms.com\/tr\/yarim-kasa-inertia\/#breadcrumb\"},\"inLanguage\":\"tr\",\"potentialAction\":[{\"@type\":\"ReadAction\",\"target\":[\"https:\/\/pasaarms.com\/tr\/yarim-kasa-inertia\/\"]}]},{\"@type\":\"BreadcrumbList\",\"@id\":\"https:\/\/pasaarms.com\/tr\/yarim-kasa-inertia\/#breadcrumb\",\"itemListElement\":[{\"@type\":\"ListItem\",\"position\":1,\"name\":\"Anasayfa\",\"item\":\"https:\/\/pasaarms.com\/tr\/\"},{\"@type\":\"ListItem\",\"position\":2,\"name\":\"Yar\u0131m Kasa Inertia\"}]},{\"@type\":\"WebSite\",\"@id\":\"https:\/\/pasaarms.com\/tr\/#website\",\"url\":\"https:\/\/pasaarms.com\/tr\/\",\"name\":\"Pa\u015fa Arms\",\"description\":\"Pa\u015fa Makina San Tic Ltd \u015eti\",\"publisher\":{\"@id\":\"https:\/\/pasaarms.com\/tr\/#organization\"},\"potentialAction\":[{\"@type\":\"SearchAction\",\"target\":{\"@type\":\"EntryPoint\",\"urlTemplate\":\"https:\/\/pasaarms.com\/tr\/?s={search_term_string}\"},\"query-input\":{\"@type\":\"PropertyValueSpecification\",\"valueRequired\":true,\"valueName\":\"search_term_string\"}}],\"inLanguage\":\"tr\"},{\"@type\":\"Organization\",\"@id\":\"https:\/\/pasaarms.com\/tr\/#organization\",\"name\":\"Pa\u015fa Arms\",\"url\":\"https:\/\/pasaarms.com\/tr\/\",\"logo\":{\"@type\":\"ImageObject\",\"inLanguage\":\"tr\",\"@id\":\"https:\/\/pasaarms.com\/tr\/#\/schema\/logo\/image\/\",\"url\":\"https:\/\/pasaarms.com\/tr\/wp-content\/uploads\/2022\/09\/pasa-logo.png\",\"contentUrl\":\"https:\/\/pasaarms.com\/tr\/wp-content\/uploads\/2022\/09\/pasa-logo.png\",\"width\":200,\"height\":200,\"caption\":\"Pa\u015fa Arms\"},\"image\":{\"@id\":\"https:\/\/pasaarms.com\/tr\/#\/schema\/logo\/image\/\"}}]}<\/script>\n<!-- \/ Yoast SEO plugin. -->","yoast_head_json":{"title":"Yar\u0131m Kasa Inertia - Pa\u015fa Arms","description":"Massive \u00fcr\u00fcn modeli 12 GA kalibre olup \u00e7al\u0131\u015fma sistemi olarak D\u00f6ner Ba\u015fl\u0131 Kinetik Sistem kullan\u0131r. G\u00f6vde kaplamas\u0131 \u00dcst G\u00f6vde: Siyah Eloksal, ..","robots":{"index":"index","follow":"follow","max-snippet":"max-snippet:-1","max-image-preview":"max-image-preview:large","max-video-preview":"max-video-preview:-1"},"canonical":"https:\/\/pasaarms.com\/tr\/yarim-kasa-inertia\/","og_locale":"tr_TR","og_type":"article","og_title":"Yar\u0131m Kasa Inertia - Pa\u015fa Arms","og_description":"Massive \u00fcr\u00fcn modeli 12 GA kalibre olup \u00e7al\u0131\u015fma sistemi olarak D\u00f6ner Ba\u015fl\u0131 Kinetik Sistem kullan\u0131r. G\u00f6vde kaplamas\u0131 \u00dcst G\u00f6vde: Siyah Eloksal, ..","og_url":"https:\/\/pasaarms.com\/tr\/yarim-kasa-inertia\/","og_site_name":"Pa\u015fa Arms","article_modified_time":"2022-09-24T13:53:04+00:00","twitter_card":"summary_large_image","twitter_misc":{"Tahmini okuma s\u00fcresi":"1 dakika"},"schema":{"@context":"https:\/\/schema.org","@graph":[{"@type":"WebPage","@id":"https:\/\/pasaarms.com\/tr\/yarim-kasa-inertia\/","url":"https:\/\/pasaarms.com\/tr\/yarim-kasa-inertia\/","name":"Yar\u0131m Kasa Inertia - Pa\u015fa Arms","isPartOf":{"@id":"https:\/\/pasaarms.com\/tr\/#website"},"datePublished":"2022-09-08T13:24:03+00:00","dateModified":"2022-09-24T13:53:04+00:00","description":"Massive \u00fcr\u00fcn modeli 12 GA kalibre olup \u00e7al\u0131\u015fma sistemi olarak D\u00f6ner Ba\u015fl\u0131 Kinetik Sistem kullan\u0131r. G\u00f6vde kaplamas\u0131 \u00dcst G\u00f6vde: Siyah Eloksal, ..","breadcrumb":{"@id":"https:\/\/pasaarms.com\/tr\/yarim-kasa-inertia\/#breadcrumb"},"inLanguage":"tr","potentialAction":[{"@type":"ReadAction","target":["https:\/\/pasaarms.com\/tr\/yarim-kasa-inertia\/"]}]},{"@type":"BreadcrumbList","@id":"https:\/\/pasaarms.com\/tr\/yarim-kasa-inertia\/#breadcrumb","itemListElement":[{"@type":"ListItem","position":1,"name":"Anasayfa","item":"https:\/\/pasaarms.com\/tr\/"},{"@type":"ListItem","position":2,"name":"Yar\u0131m Kasa Inertia"}]},{"@type":"WebSite","@id":"https:\/\/pasaarms.com\/tr\/#website","url":"https:\/\/pasaarms.com\/tr\/","name":"Pa\u015fa Arms","description":"Pa\u015fa Makina San Tic Ltd \u015eti","publisher":{"@id":"https:\/\/pasaarms.com\/tr\/#organization"},"potentialAction":[{"@type":"SearchAction","target":{"@type":"EntryPoint","urlTemplate":"https:\/\/pasaarms.com\/tr\/?s={search_term_string}"},"query-input":{"@type":"PropertyValueSpecification","valueRequired":true,"valueName":"search_term_string"}}],"inLanguage":"tr"},{"@type":"Organization","@id":"https:\/\/pasaarms.com\/tr\/#organization","name":"Pa\u015fa Arms","url":"https:\/\/pasaarms.com\/tr\/","logo":{"@type":"ImageObject","inLanguage":"tr","@id":"https:\/\/pasaarms.com\/tr\/#\/schema\/logo\/image\/","url":"https:\/\/pasaarms.com\/tr\/wp-content\/uploads\/2022\/09\/pasa-logo.png","contentUrl":"https:\/\/pasaarms.com\/tr\/wp-content\/uploads\/2022\/09\/pasa-logo.png","width":200,"height":200,"caption":"Pa\u015fa Arms"},"image":{"@id":"https:\/\/pasaarms.com\/tr\/#\/schema\/logo\/image\/"}}]}},"_links":{"self":[{"href":"https:\/\/pasaarms.com\/tr\/wp-json\/wp\/v2\/pages\/1675","targetHints":{"allow":["GET"]}}],"collection":[{"href":"https:\/\/pasaarms.com\/tr\/wp-json\/wp\/v2\/pages"}],"about":[{"href":"https:\/\/pasaarms.com\/tr\/wp-json\/wp\/v2\/types\/page"}],"author":[{"embeddable":true,"href":"https:\/\/pasaarms.com\/tr\/wp-json\/wp\/v2\/users\/8"}],"replies":[{"embeddable":true,"href":"https:\/\/pasaarms.com\/tr\/wp-json\/wp\/v2\/comments?post=1675"}],"version-history":[{"count":4,"href":"https:\/\/pasaarms.com\/tr\/wp-json\/wp\/v2\/pages\/1675\/revisions"}],"predecessor-version":[{"id":2432,"href":"https:\/\/pasaarms.com\/tr\/wp-json\/wp\/v2\/pages\/1675\/revisions\/2432"}],"wp:attachment":[{"href":"https:\/\/pasaarms.com\/tr\/wp-json\/wp\/v2\/media?parent=1675"}],"curies":[{"name":"wp","href":"https:\/\/api.w.org\/{rel}","templated":true}]}}