{"id":1667,"date":"2022-09-08T16:05:26","date_gmt":"2022-09-08T13:05:26","guid":{"rendered":"https:\/\/pasaarms.com\/tr\/?page_id=1667"},"modified":"2022-09-24T16:41:00","modified_gmt":"2022-09-24T13:41:00","slug":"pompali","status":"publish","type":"page","link":"https:\/\/pasaarms.com\/tr\/pompali\/","title":{"rendered":"Pompal\u0131"},"content":{"rendered":"<p id=\"tw-target-text\" class=\"tw-data-text tw-text-large tw-ta\" dir=\"ltr\" data-placeholder=\"\u00c7eviri\"><span class=\"Y2IQFc\" lang=\"tr\">Pompal\u0131 kategorisindeki \u00fcr\u00fcnlerimiz.<\/span><\/p>\n<p dir=\"ltr\" data-placeholder=\"\u00c7eviri\">\u00dcr\u00fcn Modellerimiz; QATON-S 01, QATON-S 02, QATON-S 03, QATON-S 04, QATON-S 05..<\/p>\n<p class=\"tw-data-text tw-text-large tw-ta\" dir=\"ltr\" data-placeholder=\"\u00c7eviri\"><span class=\"Y2IQFc\" lang=\"tr\">QATON-S 01 \u00fcr\u00fcn modeli 12 \/ 20 GA<\/span> kalibre olup \u00e7al\u0131\u015fma sistemi olarak Pompal\u0131 Sistem kullan\u0131r. Namlusu AISI 4140 Karbon \u00c7elikten \u00fcretilmi\u015ftir. Namlu Kaplamas\u0131 Nikel Kaplama d\u0131r.<\/p>\n","protected":false},"excerpt":{"rendered":"<p>Pompal\u0131 kategorisindeki \u00fcr\u00fcnlerimiz. \u00dcr\u00fcn Modellerimiz; QATON-S 01, QATON-S 02, QATON-S 03, QATON-S 04, QATON-S 05.. QATON-S 01 \u00fcr\u00fcn modeli 12 \/ 20 GA kalibre olup \u00e7al\u0131\u015fma sistemi olarak Pompal\u0131 Sistem kullan\u0131r. Namlusu AISI 4140 Karbon \u00c7elikten \u00fcretilmi\u015ftir. Namlu Kaplamas\u0131 Nikel Kaplama d\u0131r.<\/p>\n","protected":false},"author":8,"featured_media":0,"parent":0,"menu_order":0,"comment_status":"closed","ping_status":"closed","template":"","meta":{"_acf_changed":false,"footnotes":""},"class_list":["post-1667","page","type-page","status-publish","hentry"],"acf":[],"yoast_head":"<!-- This site is optimized with the Yoast SEO plugin v27.1.1 - https:\/\/yoast.com\/product\/yoast-seo-wordpress\/ -->\n<title>Pompal\u0131 - Pa\u015fa Arms<\/title>\n<meta name=\"description\" content=\"Pompal\u0131 kategorisindeki \u00fcr\u00fcnlerimiz. \u00dcr\u00fcn Modellerimiz; QATON-S 01, QATON-S 02, QATON-S 03, QATON-S 04, QATON-S 05..\" \/>\n<meta name=\"robots\" content=\"index, follow, max-snippet:-1, max-image-preview:large, max-video-preview:-1\" \/>\n<link rel=\"canonical\" href=\"https:\/\/pasaarms.com\/tr\/pompali\/\" \/>\n<meta property=\"og:locale\" content=\"tr_TR\" \/>\n<meta property=\"og:type\" content=\"article\" \/>\n<meta property=\"og:title\" content=\"Pompal\u0131 - Pa\u015fa Arms\" \/>\n<meta property=\"og:description\" content=\"Pompal\u0131 kategorisindeki \u00fcr\u00fcnlerimiz. \u00dcr\u00fcn Modellerimiz; QATON-S 01, QATON-S 02, QATON-S 03, QATON-S 04, QATON-S 05..\" \/>\n<meta property=\"og:url\" content=\"https:\/\/pasaarms.com\/tr\/pompali\/\" \/>\n<meta property=\"og:site_name\" content=\"Pa\u015fa Arms\" \/>\n<meta property=\"article:modified_time\" content=\"2022-09-24T13:41:00+00:00\" \/>\n<meta name=\"twitter:card\" content=\"summary_large_image\" \/>\n<meta name=\"twitter:label1\" content=\"Tahmini okuma s\u00fcresi\" \/>\n\t<meta name=\"twitter:data1\" content=\"1 dakika\" \/>\n<script type=\"application\/ld+json\" class=\"yoast-schema-graph\">{\"@context\":\"https:\/\/schema.org\",\"@graph\":[{\"@type\":\"WebPage\",\"@id\":\"https:\/\/pasaarms.com\/tr\/pompali\/\",\"url\":\"https:\/\/pasaarms.com\/tr\/pompali\/\",\"name\":\"Pompal\u0131 - Pa\u015fa Arms\",\"isPartOf\":{\"@id\":\"https:\/\/pasaarms.com\/tr\/#website\"},\"datePublished\":\"2022-09-08T13:05:26+00:00\",\"dateModified\":\"2022-09-24T13:41:00+00:00\",\"description\":\"Pompal\u0131 kategorisindeki \u00fcr\u00fcnlerimiz. \u00dcr\u00fcn Modellerimiz; QATON-S 01, QATON-S 02, QATON-S 03, QATON-S 04, QATON-S 05..\",\"breadcrumb\":{\"@id\":\"https:\/\/pasaarms.com\/tr\/pompali\/#breadcrumb\"},\"inLanguage\":\"tr\",\"potentialAction\":[{\"@type\":\"ReadAction\",\"target\":[\"https:\/\/pasaarms.com\/tr\/pompali\/\"]}]},{\"@type\":\"BreadcrumbList\",\"@id\":\"https:\/\/pasaarms.com\/tr\/pompali\/#breadcrumb\",\"itemListElement\":[{\"@type\":\"ListItem\",\"position\":1,\"name\":\"Anasayfa\",\"item\":\"https:\/\/pasaarms.com\/tr\/\"},{\"@type\":\"ListItem\",\"position\":2,\"name\":\"Pompal\u0131\"}]},{\"@type\":\"WebSite\",\"@id\":\"https:\/\/pasaarms.com\/tr\/#website\",\"url\":\"https:\/\/pasaarms.com\/tr\/\",\"name\":\"Pa\u015fa Arms\",\"description\":\"Pa\u015fa Makina San Tic Ltd \u015eti\",\"publisher\":{\"@id\":\"https:\/\/pasaarms.com\/tr\/#organization\"},\"potentialAction\":[{\"@type\":\"SearchAction\",\"target\":{\"@type\":\"EntryPoint\",\"urlTemplate\":\"https:\/\/pasaarms.com\/tr\/?s={search_term_string}\"},\"query-input\":{\"@type\":\"PropertyValueSpecification\",\"valueRequired\":true,\"valueName\":\"search_term_string\"}}],\"inLanguage\":\"tr\"},{\"@type\":\"Organization\",\"@id\":\"https:\/\/pasaarms.com\/tr\/#organization\",\"name\":\"Pa\u015fa Arms\",\"url\":\"https:\/\/pasaarms.com\/tr\/\",\"logo\":{\"@type\":\"ImageObject\",\"inLanguage\":\"tr\",\"@id\":\"https:\/\/pasaarms.com\/tr\/#\/schema\/logo\/image\/\",\"url\":\"https:\/\/pasaarms.com\/tr\/wp-content\/uploads\/2022\/09\/pasa-logo.png\",\"contentUrl\":\"https:\/\/pasaarms.com\/tr\/wp-content\/uploads\/2022\/09\/pasa-logo.png\",\"width\":200,\"height\":200,\"caption\":\"Pa\u015fa Arms\"},\"image\":{\"@id\":\"https:\/\/pasaarms.com\/tr\/#\/schema\/logo\/image\/\"}}]}<\/script>\n<!-- \/ Yoast SEO plugin. -->","yoast_head_json":{"title":"Pompal\u0131 - Pa\u015fa Arms","description":"Pompal\u0131 kategorisindeki \u00fcr\u00fcnlerimiz. \u00dcr\u00fcn Modellerimiz; QATON-S 01, QATON-S 02, QATON-S 03, QATON-S 04, QATON-S 05..","robots":{"index":"index","follow":"follow","max-snippet":"max-snippet:-1","max-image-preview":"max-image-preview:large","max-video-preview":"max-video-preview:-1"},"canonical":"https:\/\/pasaarms.com\/tr\/pompali\/","og_locale":"tr_TR","og_type":"article","og_title":"Pompal\u0131 - Pa\u015fa Arms","og_description":"Pompal\u0131 kategorisindeki \u00fcr\u00fcnlerimiz. \u00dcr\u00fcn Modellerimiz; QATON-S 01, QATON-S 02, QATON-S 03, QATON-S 04, QATON-S 05..","og_url":"https:\/\/pasaarms.com\/tr\/pompali\/","og_site_name":"Pa\u015fa Arms","article_modified_time":"2022-09-24T13:41:00+00:00","twitter_card":"summary_large_image","twitter_misc":{"Tahmini okuma s\u00fcresi":"1 dakika"},"schema":{"@context":"https:\/\/schema.org","@graph":[{"@type":"WebPage","@id":"https:\/\/pasaarms.com\/tr\/pompali\/","url":"https:\/\/pasaarms.com\/tr\/pompali\/","name":"Pompal\u0131 - Pa\u015fa Arms","isPartOf":{"@id":"https:\/\/pasaarms.com\/tr\/#website"},"datePublished":"2022-09-08T13:05:26+00:00","dateModified":"2022-09-24T13:41:00+00:00","description":"Pompal\u0131 kategorisindeki \u00fcr\u00fcnlerimiz. \u00dcr\u00fcn Modellerimiz; QATON-S 01, QATON-S 02, QATON-S 03, QATON-S 04, QATON-S 05..","breadcrumb":{"@id":"https:\/\/pasaarms.com\/tr\/pompali\/#breadcrumb"},"inLanguage":"tr","potentialAction":[{"@type":"ReadAction","target":["https:\/\/pasaarms.com\/tr\/pompali\/"]}]},{"@type":"BreadcrumbList","@id":"https:\/\/pasaarms.com\/tr\/pompali\/#breadcrumb","itemListElement":[{"@type":"ListItem","position":1,"name":"Anasayfa","item":"https:\/\/pasaarms.com\/tr\/"},{"@type":"ListItem","position":2,"name":"Pompal\u0131"}]},{"@type":"WebSite","@id":"https:\/\/pasaarms.com\/tr\/#website","url":"https:\/\/pasaarms.com\/tr\/","name":"Pa\u015fa Arms","description":"Pa\u015fa Makina San Tic Ltd \u015eti","publisher":{"@id":"https:\/\/pasaarms.com\/tr\/#organization"},"potentialAction":[{"@type":"SearchAction","target":{"@type":"EntryPoint","urlTemplate":"https:\/\/pasaarms.com\/tr\/?s={search_term_string}"},"query-input":{"@type":"PropertyValueSpecification","valueRequired":true,"valueName":"search_term_string"}}],"inLanguage":"tr"},{"@type":"Organization","@id":"https:\/\/pasaarms.com\/tr\/#organization","name":"Pa\u015fa Arms","url":"https:\/\/pasaarms.com\/tr\/","logo":{"@type":"ImageObject","inLanguage":"tr","@id":"https:\/\/pasaarms.com\/tr\/#\/schema\/logo\/image\/","url":"https:\/\/pasaarms.com\/tr\/wp-content\/uploads\/2022\/09\/pasa-logo.png","contentUrl":"https:\/\/pasaarms.com\/tr\/wp-content\/uploads\/2022\/09\/pasa-logo.png","width":200,"height":200,"caption":"Pa\u015fa Arms"},"image":{"@id":"https:\/\/pasaarms.com\/tr\/#\/schema\/logo\/image\/"}}]}},"_links":{"self":[{"href":"https:\/\/pasaarms.com\/tr\/wp-json\/wp\/v2\/pages\/1667","targetHints":{"allow":["GET"]}}],"collection":[{"href":"https:\/\/pasaarms.com\/tr\/wp-json\/wp\/v2\/pages"}],"about":[{"href":"https:\/\/pasaarms.com\/tr\/wp-json\/wp\/v2\/types\/page"}],"author":[{"embeddable":true,"href":"https:\/\/pasaarms.com\/tr\/wp-json\/wp\/v2\/users\/8"}],"replies":[{"embeddable":true,"href":"https:\/\/pasaarms.com\/tr\/wp-json\/wp\/v2\/comments?post=1667"}],"version-history":[{"count":4,"href":"https:\/\/pasaarms.com\/tr\/wp-json\/wp\/v2\/pages\/1667\/revisions"}],"predecessor-version":[{"id":2424,"href":"https:\/\/pasaarms.com\/tr\/wp-json\/wp\/v2\/pages\/1667\/revisions\/2424"}],"wp:attachment":[{"href":"https:\/\/pasaarms.com\/tr\/wp-json\/wp\/v2\/media?parent=1667"}],"curies":[{"name":"wp","href":"https:\/\/api.w.org\/{rel}","templated":true}]}}